{"id":1866,"date":"2019-03-03T08:21:13","date_gmt":"2019-03-03T08:21:13","guid":{"rendered":"http:\/\/brabus.local\/home-copy\/"},"modified":"2024-05-30T11:36:41","modified_gmt":"2024-05-30T16:36:41","slug":"conocenos","status":"publish","type":"page","link":"https:\/\/innovahora.com\/web\/conocenos\/","title":{"rendered":"CON\u00d3CENOS"},"content":{"rendered":"<section class=\"wpb-content-wrapper\"><p>[vc_row use_container=\u00bbyes\u00bb use_predefined_class=\u00bbyes\u00bb][vc_column][ts_section_title animate_block=\u00bbyes\u00bb animation_type=\u00bbfadeIn\u00bb tagline=\u00bb\u00a1Hola! Somos\u2026\u00bb title=\u00bbInnovahora\u00bb background_title=\u00bbDigital\u00bb][vc_row_inner][vc_column_inner offset=\u00bbvc_col-md-5&#8243;][ts_text_block animate_block=\u00bbyes\u00bb animation_type=\u00bbfadeIn\u00bb]<\/p>\n<h4><em><strong><span style=\"font-family: 'Segoe UI',sans-serif; color: #374151;\">\u00abNuestro objetivo es ser su mejor aliado tecnol\u00f3gico y aportar valor a su negocio, le ayudamos a crear y definir las mejores herramientas tecnol\u00f3gicas y establecer una presencia en l\u00ednea, s\u00f3lida y efectiva para alcanzar sus objetivos.\u00bb<\/span><\/strong><\/em><\/h4>\n<p>[\/ts_text_block][\/vc_column_inner][vc_column_inner offset=\u00bbvc_col-md-7&#8243;][ts_text_block has_readmore=\u00bbyes\u00bb readmore_label=\u00bbHABLEMOS\u00bb animate_block=\u00bbyes\u00bb animation_type=\u00bbfadeIn\u00bb animation_delay=\u00bb0.01s\u00bb readmore_link=\u00bbhttps:\/\/wa.link\/ai6ouv\u00bb]Proporcionamos <strong>soluciones digitales completas y personalizadas<\/strong> para que nuestros clientes puedan centrarse en sus <strong>objetivos empresariales<\/strong>, mientras nosotros nos encargamos del<strong> lado tecnol\u00f3gico (software, marketing, etc).<\/strong> Con un enfoque en la calidad y la satisfacci\u00f3n del cliente, nos esforzamos por proporcionar un<strong> servicio excepcional y construir<\/strong> relaciones duraderas con ustedes.[\/ts_text_block][\/vc_column_inner][\/vc_row_inner][\/vc_column][\/vc_row][vc_row section_background_color=\u00bb#000000&#8243; use_container=\u00bbyes\u00bb use_predefined_class=\u00bbyes\u00bb predefined_class=\u00bbnoise\u00bb][vc_column][ts_section_title title_color=\u00bblight\u00bb animate_block=\u00bbyes\u00bb animation_type=\u00bbfadeIn\u00bb tagline=\u00bbCon\u00f3cenos un poco m\u00e1s\u00bb title=\u00bb\u00bfQu\u00e9 nos diferencia?\u00bb][vc_row_inner][vc_column_inner width=\u00bb1\/2&#8243; offset=\u00bbvc_col-md-4&#8243;][ts_service color=\u00bblight\u00bb animate_block=\u00bbyes\u00bb animation_type=\u00bbfadeIn\u00bb index=\u00bb01&#8243;]<\/p>\n<h4>INNOVACI\u00d3N<\/h4>\n<p>Servicios personalizados.<\/p>\n<ul>\n<li>Soluciones tecnol\u00f3gicas.<\/li>\n<li>Dise\u00f1o de experiencia de usuario (UX) personalizado.<\/li>\n<li>Integraci\u00f3n de tecnolog\u00edas emergentes.<\/li>\n<li>Desarrollo de aplicaciones web progresivas (PWA).<\/li>\n<li>Optimizaci\u00f3n de velocidad y rendimiento.<\/li>\n<\/ul>\n<p>[\/ts_service][\/vc_column_inner][vc_column_inner width=\u00bb1\/2&#8243; offset=\u00bbvc_col-md-4&#8243;][ts_service color=\u00bblight\u00bb animate_block=\u00bbyes\u00bb animation_type=\u00bbfadeIn\u00bb index=\u00bb02&#8243; animation_delay=\u00bb0.05s\u00bb]<\/p>\n<h4>SEGURIDAD<\/h4>\n<p>Al trabajar con nosotros.<\/p>\n<ul>\n<li>SSL (Secure Sockets Layer).<\/li>\n<li>Soluci\u00f3n inmediata de cualquier error que se presente.<\/li>\n<li>Gesti\u00f3n estrat\u00e9gica del servicio.<\/li>\n<li>Dise\u00f1os por objetivos.<\/li>\n<\/ul>\n<p>[\/ts_service][\/vc_column_inner][vc_column_inner width=\u00bb1\/2&#8243; offset=\u00bbvc_col-md-4&#8243;][ts_service color=\u00bblight\u00bb animate_block=\u00bbyes\u00bb animation_type=\u00bbfadeIn\u00bb index=\u00bb03&#8243; animation_delay=\u00bb0.10s\u00bb]<\/p>\n<h4>EXPERIENCIA<\/h4>\n<p>Contamos con 10 a\u00f1os de experiencia. Nos acompa\u00f1an en el equipo los siguiente profesionales.<\/p>\n<ul>\n<li>Profesionales en Dise\u00f1o Web.<\/li>\n<li>Profesionales en Marketing Digital.<\/li>\n<li>Community Manager.<\/li>\n<li>Ingenieros de Software\/Sistemas.<\/li>\n<li>Expertos en UX \/ UI.<\/li>\n<\/ul>\n<p>[\/ts_service][\/vc_column_inner][\/vc_row_inner][\/vc_column][\/vc_row][vc_row use_container=\u00bbyes\u00bb use_predefined_class=\u00bbyes\u00bb predefined_class=\u00bbtext-center\u00bb][vc_column][ts_section_title animate_block=\u00bbyes\u00bb animation_type=\u00bbfadeIn\u00bb tagline=\u00bbRESUMEN DE NUESTRO\u00bb title=\u00bbProceso\u00bb background_title=\u00bbProceso\u00bb][vc_row_inner][vc_column_inner width=\u00bb1\/5&#8243; offset=\u00bbvc_col-xs-6&#8243;][ts_process index=\u00bb01&#8243; title=\u00bbNos contactamos por el formulario o whatsapp\u00bb logo=\u00bb2200&#8243;][\/vc_column_inner][vc_column_inner width=\u00bb1\/5&#8243; offset=\u00bbvc_col-xs-6&#8243;][ts_process animate_block=\u00bbyes\u00bb animation_type=\u00bbfadeIn\u00bb index=\u00bb02&#8243; title=\u00bbAgendamos una reuni\u00f3n\u00bb logo=\u00bb2201&#8243; animation_delay=\u00bb0.05s\u00bb][\/vc_column_inner][vc_column_inner width=\u00bb1\/5&#8243; offset=\u00bbvc_col-xs-6&#8243;][ts_process animate_block=\u00bbyes\u00bb animation_type=\u00bbfadeIn\u00bb index=\u00bb03&#8243; title=\u00bbPlanificamos las actividades\u00bb logo=\u00bb2313&#8243; animation_delay=\u00bb0.1s\u00bb][\/vc_column_inner][vc_column_inner width=\u00bb1\/5&#8243; offset=\u00bbvc_col-xs-6&#8243;][ts_process animate_block=\u00bbyes\u00bb animation_type=\u00bbfadeIn\u00bb index=\u00bb04&#8243; title=\u00bbCreamos tu proyecto\u00bb logo=\u00bb2311&#8243; animation_delay=\u00bb0.15s\u00bb][\/vc_column_inner][vc_column_inner width=\u00bb1\/5&#8243;][ts_process index=\u00bb05&#8243; title=\u00bbLanzamos el proyecto (web\/m\u00f3vil, marketing, etc)\u00bb logo=\u00bb2203&#8243;][\/vc_column_inner][\/vc_row_inner][\/vc_column][\/vc_row][vc_row section_background_color=\u00bb#01f7b6&#8243; use_container=\u00bbyes\u00bb use_predefined_class=\u00bbyes\u00bb predefined_class=\u00bbnoise\u00bb][vc_column][ts_section_title animate_block=\u00bbyes\u00bb animation_type=\u00bbfadeIn\u00bb tagline=\u00bbCONOCE LAS HABILIDADES DE NUESTROS PROFESIONALES\u00bb title=\u00bbNuestro Equipo\u00bb background_title=\u00bbEquipo\u00bb][ts_team_member total_count=\u00bb6&#8243; animate=\u00bbyes\u00bb animation_type=\u00bbfadeIn\u00bb][\/vc_column][\/vc_row][vc_row use_container=\u00bbyes\u00bb use_predefined_class=\u00bbyes\u00bb][vc_column offset=\u00bbvc_col-md-5&#8243;][ts_section_title animate_block=\u00bbyes\u00bb animation_type=\u00bbfadeIn\u00bb tagline=\u00bbELLOS CONF\u00cdAN EN NOSOTROS\u00bb title=\u00bbNuestros clientes\u00bb][ts_text_block has_readmore=\u00bbyes\u00bb readmore_label=\u00bbEMPEZAR\u00bb animate_block=\u00bbyes\u00bb animation_type=\u00bbfadeIn\u00bb readmore_link=\u00bbhttps:\/\/wa.link\/nltia4&#8243;]<\/p>\n<h4>QUEREMOS QUE SEAS PARTE DE ESTO. CONT\u00c1CTANOS PARA AGENDAR UNA REUNI\u00d3N Y PLASMAR TU IDEA A LA REALIDAD.<\/h4>\n<p>[\/ts_text_block][\/vc_column][vc_column offset=\u00bbvc_col-md-7&#8243;][vc_empty_space height=\u00bb40px\u00bb][vc_row_inner][vc_column_inner width=\u00bb1\/4&#8243; offset=\u00bbvc_col-xs-6&#8243;][ts_client animate_block=\u00bbyes\u00bb animation_type=\u00bbfadeIn\u00bb title=\u00bbABSTER\u00bb logo=\u00bb1857&#8243; animation_delay=\u00bb0.1s\u00bb][\/vc_column_inner][vc_column_inner width=\u00bb1\/4&#8243; offset=\u00bbvc_col-xs-6&#8243;][ts_client animate_block=\u00bbyes\u00bb animation_type=\u00bbfadeIn\u00bb title=\u00bbLOKOMOTIVE\u00bb logo=\u00bb1858&#8243; animation_delay=\u00bb0.1s\u00bb][\/vc_column_inner][vc_column_inner width=\u00bb1\/4&#8243; offset=\u00bbvc_col-xs-6&#8243;][ts_client animate_block=\u00bbyes\u00bb animation_type=\u00bbfadeIn\u00bb title=\u00bbBIRDIEST\u00bb logo=\u00bb1860&#8243; animation_delay=\u00bb0.1s\u00bb][\/vc_column_inner][vc_column_inner width=\u00bb1\/4&#8243; offset=\u00bbvc_col-xs-6&#8243;][ts_client animate_block=\u00bbyes\u00bb animation_type=\u00bbfadeIn\u00bb title=\u00bbPLOCSHA\u00bb logo=\u00bb1861&#8243; animation_delay=\u00bb0.1s\u00bb][\/vc_column_inner][\/vc_row_inner][vc_row_inner][vc_column_inner width=\u00bb1\/4&#8243; offset=\u00bbvc_col-xs-6&#8243;][ts_client animate_block=\u00bbyes\u00bb animation_type=\u00bbfadeIn\u00bb title=\u00bbNEWKY\u00bb logo=\u00bb1863&#8243; animation_delay=\u00bb0.1s\u00bb][\/vc_column_inner][vc_column_inner width=\u00bb1\/4&#8243; offset=\u00bbvc_col-xs-6&#8243;][ts_client animate_block=\u00bbyes\u00bb animation_type=\u00bbfadeIn\u00bb title=\u00bbHACHAPURY\u00bb logo=\u00bb1864&#8243; animation_delay=\u00bb0.1s\u00bb][\/vc_column_inner][vc_column_inner width=\u00bb1\/4&#8243; offset=\u00bbvc_col-xs-6&#8243;][ts_client animate_block=\u00bbyes\u00bb animation_type=\u00bbfadeIn\u00bb title=\u00bbLOKOMOTIVE\u00bb logo=\u00bb1858&#8243; animation_delay=\u00bb0.1s\u00bb][\/vc_column_inner][vc_column_inner width=\u00bb1\/4&#8243; offset=\u00bbvc_col-xs-6&#8243;][ts_client animate_block=\u00bbyes\u00bb animation_type=\u00bbfadeIn\u00bb title=\u00bbNEWKY\u00bb logo=\u00bb1862&#8243; animation_delay=\u00bb0.1s\u00bb][\/vc_column_inner][\/vc_row_inner][\/vc_column][\/vc_row]<\/p>\n<\/section>","protected":false},"excerpt":{"rendered":"<p>[vc_row use_container=\u00bbyes\u00bb use_predefined_class=\u00bbyes\u00bb][vc_column][ts_section_title animate_block=\u00bbyes\u00bb animation_type=\u00bbfadeIn\u00bb tagline=\u00bb\u00a1Hola! Somos\u2026\u00bb title=\u00bbInnovahora\u00bb background_title=\u00bbDigital\u00bb][vc_row_inner][vc_column_inner offset=\u00bbvc_col-md-5&#8243;][ts_text_block animate_block=\u00bbyes\u00bb animation_type=\u00bbfadeIn\u00bb] \u00abNuestro objetivo es ser su mejor aliado tecnol\u00f3gico y aportar valor a su negocio, le ayudamos a crear y definir las mejores herramientas tecnol\u00f3gicas y establecer una presencia en l\u00ednea, s\u00f3lida y efectiva para alcanzar sus objetivos.\u00bb [\/ts_text_block][\/vc_column_inner][vc_column_inner offset=\u00bbvc_col-md-7&#8243;][ts_text_block has_readmore=\u00bbyes\u00bb readmore_label=\u00bbHABLEMOS\u00bb animate_block=\u00bbyes\u00bb animation_type=\u00bbfadeIn\u00bb [&hellip;]<\/p>\n","protected":false},"author":1,"featured_media":0,"parent":0,"menu_order":0,"comment_status":"closed","ping_status":"closed","template":"page-builder.php","meta":{"footnotes":""},"class_list":["post-1866","page","type-page","status-publish","hentry"],"_links":{"self":[{"href":"https:\/\/innovahora.com\/web\/wp-json\/wp\/v2\/pages\/1866","targetHints":{"allow":["GET"]}}],"collection":[{"href":"https:\/\/innovahora.com\/web\/wp-json\/wp\/v2\/pages"}],"about":[{"href":"https:\/\/innovahora.com\/web\/wp-json\/wp\/v2\/types\/page"}],"author":[{"embeddable":true,"href":"https:\/\/innovahora.com\/web\/wp-json\/wp\/v2\/users\/1"}],"replies":[{"embeddable":true,"href":"https:\/\/innovahora.com\/web\/wp-json\/wp\/v2\/comments?post=1866"}],"version-history":[{"count":16,"href":"https:\/\/innovahora.com\/web\/wp-json\/wp\/v2\/pages\/1866\/revisions"}],"predecessor-version":[{"id":2414,"href":"https:\/\/innovahora.com\/web\/wp-json\/wp\/v2\/pages\/1866\/revisions\/2414"}],"wp:attachment":[{"href":"https:\/\/innovahora.com\/web\/wp-json\/wp\/v2\/media?parent=1866"}],"curies":[{"name":"wp","href":"https:\/\/api.w.org\/{rel}","templated":true}]}}